{"id":11,"date":"2025-10-27T16:33:29","date_gmt":"2025-10-27T16:33:29","guid":{"rendered":"https:\/\/jmc-solutions.com\/?page_id=11"},"modified":"2026-03-18T00:50:36","modified_gmt":"2026-03-18T00:50:36","slug":"homepage","status":"publish","type":"page","link":"https:\/\/jmc-solutions.com\/en\/","title":{"rendered":"Homepage"},"content":{"rendered":"<div class=\"wp-block-cover alignfull is-light\" style=\"min-height:100vh;aspect-ratio:unset;\"><video class=\"wp-block-cover__video-background intrinsic-ignore\" autoplay muted loop playsinline src=\"https:\/\/jmc-solutions.com\/wp-content\/uploads\/2025\/11\/Mein-Film.mp4\" data-object-fit=\"cover\"><\/video><span aria-hidden=\"true\" class=\"wp-block-cover__background has-background-dim-20 has-background-dim\" style=\"background-color:#FFF\"><\/span><div class=\"wp-block-cover__inner-container has-global-padding is-layout-constrained wp-block-cover-is-layout-constrained\">\n<h1 class=\"wp-block-heading has-text-align-center has-white-color has-text-color has-max-60-font-size\"><strong><br><strong><strong>Execution for IT projects<\/strong><\/strong><\/strong><\/h1>\n\n\n\n<p class=\"has-text-align-center has-white-color has-text-color has-link-color has-medium-font-size wp-elements-70003e6ceda1bfb5aa5a2ec796cb9c0f\"><br><strong>Available across Germany<\/strong><\/p>\n\n\n\n<div class=\"wp-block-buttons is-content-justification-center is-layout-flex wp-container-core-buttons-is-layout-a89b3969 wp-block-buttons-is-layout-flex\">\n<div class=\"wp-block-button is-style-outline is-style-outline--1\"><a class=\"wp-block-button__link wp-element-button\" href=\"https:\/\/jmc-solutions.com\/en\/connect\/\"><strong><mark style=\"background-color:rgba(0, 0, 0, 0)\" class=\"has-inline-color has-white-color\"><strong><strong>Get in touch<\/strong><\/strong><\/mark><\/strong><\/a><\/div>\n<\/div>\n\n\n\n<div style=\"height:55px\" aria-hidden=\"true\" class=\"wp-block-spacer\"><\/div>\n<\/div><\/div>\n\n\n\n<div class=\"wp-block-group has-global-padding is-layout-constrained wp-block-group-is-layout-constrained\">\n<div style=\"height:57px\" aria-hidden=\"true\" class=\"wp-block-spacer\"><\/div>\n\n\n\n<h2 class=\"wp-block-heading has-text-align-center has-medium-font-size\" style=\"letter-spacing:1px\"><br><strong>Welcome to JMC Solutions<\/strong><\/h2>\n\n\n\n<p class=\"has-text-align-center\"><\/p>\n\n\n\n<p class=\"has-text-align-center\">JMC Solutions is focused on the execution of on-site IT projects for system houses and companies across Germany.<\/p>\n\n\n\n<p class=\"has-text-align-center\">The company supports teams wherever additional capacity is required and can take responsibility for defined project scopes when needed.<\/p>\n\n\n\n<p class=\"has-text-align-center\">What defines JMC Solutions is a structured, independent and solution-oriented approach, combined with a professional presence at the end customer\u2019s site and clean, traceable documentation.<\/p>\n\n\n\n<div class=\"wp-block-buttons is-horizontal is-content-justification-center is-layout-flex wp-container-core-buttons-is-layout-03627597 wp-block-buttons-is-layout-flex\"><\/div>\n\n\n\n<div style=\"height:57px\" aria-hidden=\"true\" class=\"wp-block-spacer\"><\/div>\n<\/div>\n\n\n\n<div id=\"services\" class=\"wp-block-group alignfull pattern_multiple_covers has-background has-global-padding is-layout-constrained wp-block-group-is-layout-constrained\">\n<p class=\"has-text-align-left has-secondary-color has-text-color\" style=\"letter-spacing:1px\">LET&#8217;S WORK TOGETHER!<\/p>\n\n\n\n<h2 class=\"wp-block-heading has-text-align-left\">Services<\/h2>\n\n\n\n<p class=\"has-text-align-left\">Execution and delivery of structured IT projects and service operations in the following areas:<\/p>\n\n\n\n<div style=\"height:46px\" aria-hidden=\"true\" class=\"wp-block-spacer\"><\/div>\n\n\n\n<div class=\"wp-block-columns is-layout-flex wp-container-core-columns-is-layout-28f84493 wp-block-columns-is-layout-flex\">\n<div class=\"wp-block-column is-layout-flow wp-block-column-is-layout-flow\" style=\"padding-top:0;padding-right:0;padding-bottom:0;padding-left:0\">\n<div class=\"wp-block-cover has-custom-content-position is-position-bottom-center\" style=\"padding-top:var(--wp--preset--spacing--small);padding-right:var(--wp--preset--spacing--x-small);padding-bottom:var(--wp--preset--spacing--small);padding-left:var(--wp--preset--spacing--x-small)\"><img loading=\"lazy\" decoding=\"async\" width=\"1024\" height=\"602\" class=\"wp-block-cover__image-background wp-image-71 size-large\" alt=\"\" src=\"https:\/\/jmc-solutions.com\/wp-content\/uploads\/2025\/11\/medium-vecteezy_online-transactions-businessman-touching-fingerprint-scan_10321326_medium-1024x602.jpg\" data-object-fit=\"cover\" srcset=\"https:\/\/jmc-solutions.com\/wp-content\/uploads\/2025\/11\/medium-vecteezy_online-transactions-businessman-touching-fingerprint-scan_10321326_medium-1024x602.jpg 1024w, https:\/\/jmc-solutions.com\/wp-content\/uploads\/2025\/11\/medium-vecteezy_online-transactions-businessman-touching-fingerprint-scan_10321326_medium-300x176.jpg 300w, https:\/\/jmc-solutions.com\/wp-content\/uploads\/2025\/11\/medium-vecteezy_online-transactions-businessman-touching-fingerprint-scan_10321326_medium.jpg 1920w\" sizes=\"auto, (max-width: 1024px) 100vw, 1024px\" \/><span aria-hidden=\"true\" class=\"wp-block-cover__background has-primary-background-color has-background-dim-70 has-background-dim\"><\/span><div class=\"wp-block-cover__inner-container is-layout-flow wp-block-cover-is-layout-flow\">\n<h3 class=\"wp-block-heading has-white-color has-text-color has-medium-font-size\" style=\"margin-top:0;margin-right:0;margin-bottom:0;margin-left:0\"><br><strong>Network &amp; Infrastructure<\/strong><\/h3>\n\n\n\n<ul class=\"wp-block-list\">\n<li>Cabling (copper &amp; fiber) <\/li>\n\n\n\n<li>Network outlet installation<\/li>\n\n\n\n<li>Rack setup &amp; patching<\/li>\n\n\n\n<li>Switch &amp; access point setup <\/li>\n\n\n\n<li>Server installation &amp; upgrades<\/li>\n\n\n\n<li>Cable testing &amp; documentation<br><\/li>\n<\/ul>\n\n\n\n<p class=\"has-text-align-right has-secondary-color has-text-color has-link-color wp-elements-486c99c7c462e1ed4c4c8450915c6c18\" style=\"margin-top:0;margin-right:0;margin-bottom:0;margin-left:0\"><a href=\"https:\/\/jmc-solutions.com\/en\/services\/\" data-type=\"page\" data-id=\"100\">Service Details \u2192<\/a><\/p>\n<\/div><\/div>\n<\/div>\n\n\n\n<div class=\"wp-block-column is-layout-flow wp-block-column-is-layout-flow\" style=\"padding-top:0;padding-right:0;padding-bottom:0;padding-left:0\">\n<div class=\"wp-block-cover has-custom-content-position is-position-bottom-center\" style=\"padding-top:var(--wp--preset--spacing--small);padding-right:var(--wp--preset--spacing--x-small);padding-bottom:var(--wp--preset--spacing--small);padding-left:var(--wp--preset--spacing--x-small)\"><img loading=\"lazy\" decoding=\"async\" width=\"1024\" height=\"683\" class=\"wp-block-cover__image-background wp-image-46 size-large\" alt=\"\" src=\"https:\/\/jmc-solutions.com\/wp-content\/uploads\/2025\/11\/vecteezy_modern-open-office-with-computers-and-natural-light_70070746-1024x683.jpg\" data-object-fit=\"cover\" srcset=\"https:\/\/jmc-solutions.com\/wp-content\/uploads\/2025\/11\/vecteezy_modern-open-office-with-computers-and-natural-light_70070746-1024x683.jpg 1024w, https:\/\/jmc-solutions.com\/wp-content\/uploads\/2025\/11\/vecteezy_modern-open-office-with-computers-and-natural-light_70070746-300x200.jpg 300w, https:\/\/jmc-solutions.com\/wp-content\/uploads\/2025\/11\/vecteezy_modern-open-office-with-computers-and-natural-light_70070746-2000x1333.jpg 2000w\" sizes=\"auto, (max-width: 1024px) 100vw, 1024px\" \/><span aria-hidden=\"true\" class=\"wp-block-cover__background has-primary-background-color has-background-dim-70 has-background-dim\"><\/span><div class=\"wp-block-cover__inner-container is-layout-flow wp-block-cover-is-layout-flow\">\n<h3 class=\"wp-block-heading has-white-color has-text-color has-medium-font-size\" style=\"margin-top:0;margin-right:0;margin-bottom:0;margin-left:0\">Workplace &amp; Rollout<\/h3>\n\n\n\n<ul class=\"wp-block-list\">\n<li>Workstation setup &amp; deployment <\/li>\n\n\n\n<li>IMAC-Services <\/li>\n\n\n\n<li>Hardware-Rollouts <\/li>\n\n\n\n<li>Device replacement &amp; upgrades<\/li>\n\n\n\n<li>Data migration &amp; configuration<\/li>\n\n\n\n<li>User onboarding &amp; handover<\/li>\n<\/ul>\n\n\n\n<p class=\"has-text-align-right has-secondary-color has-text-color has-link-color wp-elements-9b9b3791d56f5b055e2cff12731f177b\" style=\"margin-top:0;margin-right:0;margin-bottom:0;margin-left:0\"><a href=\"https:\/\/jmc-solutions.com\/en\/services\/\"><\/a>   <\/p>\n\n\n\n<p class=\"has-text-align-right has-secondary-color has-text-color has-link-color wp-elements-eaef816dee75baea2c1dcf291730194f\" style=\"margin-top:0;margin-right:0;margin-bottom:0;margin-left:0\"><a href=\"https:\/\/jmc-solutions.com\/en\/services\/\" data-type=\"page\" data-id=\"100\">Service Details <\/a>\u2192<\/p>\n<\/div><\/div>\n<\/div>\n\n\n\n<div class=\"wp-block-column is-layout-flow wp-block-column-is-layout-flow\" style=\"padding-top:0;padding-right:0;padding-bottom:0;padding-left:0\">\n<div class=\"wp-block-cover has-custom-content-position is-position-bottom-center\" style=\"padding-top:var(--wp--preset--spacing--small);padding-right:var(--wp--preset--spacing--x-small);padding-bottom:var(--wp--preset--spacing--small);padding-left:var(--wp--preset--spacing--x-small)\"><img loading=\"lazy\" decoding=\"async\" width=\"1024\" height=\"683\" class=\"wp-block-cover__image-background wp-image-50 size-large\" alt=\"\" src=\"https:\/\/jmc-solutions.com\/wp-content\/uploads\/2025\/11\/Support_converted-1024x683.jpg\" data-object-fit=\"cover\" srcset=\"https:\/\/jmc-solutions.com\/wp-content\/uploads\/2025\/11\/Support_converted-1024x683.jpg 1024w, https:\/\/jmc-solutions.com\/wp-content\/uploads\/2025\/11\/Support_converted-300x200.jpg 300w, https:\/\/jmc-solutions.com\/wp-content\/uploads\/2025\/11\/Support_converted.jpg 1536w\" sizes=\"auto, (max-width: 1024px) 100vw, 1024px\" \/><span aria-hidden=\"true\" class=\"wp-block-cover__background has-primary-background-color has-background-dim-70 has-background-dim\"><\/span><div class=\"wp-block-cover__inner-container is-layout-flow wp-block-cover-is-layout-flow\">\n<h3 class=\"wp-block-heading has-white-color has-text-color has-medium-font-size\" style=\"margin-top:0;margin-right:0;margin-bottom:0;margin-left:0\">IT Support  <\/h3>\n\n\n\n<ul class=\"wp-block-list\">\n<li>Break\/Fix-Services<\/li>\n\n\n\n<li>Troubleshooting<\/li>\n\n\n\n<li>Windows, macOS &amp; Linux <\/li>\n\n\n\n<li>Network diagnostics<\/li>\n\n\n\n<li>VPN, VoIP &amp; VLAN support<\/li>\n\n\n\n<li>Maintenance &amp; updates<\/li>\n<\/ul>\n\n\n\n<p class=\"has-text-align-right has-secondary-color has-text-color has-link-color wp-elements-88b15612fc1bb962511be2944a492c64\" style=\"margin-top:0;margin-right:0;margin-bottom:0;margin-left:0\"><a href=\"https:\/\/jmc-solutions.com\/en\/services\/\" data-type=\"page\" data-id=\"12\"><\/a><\/p>\n\n\n\n<p class=\"has-text-align-right has-secondary-color has-text-color has-link-color wp-elements-eaef816dee75baea2c1dcf291730194f\" style=\"margin-top:0;margin-right:0;margin-bottom:0;margin-left:0\"><a href=\"https:\/\/jmc-solutions.com\/en\/services\/\" data-type=\"page\" data-id=\"100\">Service Details <\/a>\u2192<\/p>\n<\/div><\/div>\n<\/div>\n<\/div>\n\n\n\n<div style=\"height:103px\" aria-hidden=\"true\" class=\"wp-block-spacer\"><\/div>\n<\/div>\n\n\n\n<div class=\"wp-block-group alignfull has-global-padding is-layout-constrained wp-block-group-is-layout-constrained\">\n<div class=\"wp-block-group has-global-padding is-layout-constrained wp-block-group-is-layout-constrained\" style=\"padding-top:var(--wp--preset--spacing--small);padding-bottom:var(--wp--preset--spacing--small)\">\n<div style=\"height:30px\" aria-hidden=\"true\" class=\"wp-block-spacer\"><\/div>\n\n\n\n<div class=\"wp-block-columns is-layout-flex wp-container-core-columns-is-layout-c375d253 wp-block-columns-is-layout-flex\">\n<div class=\"wp-block-column is-vertically-aligned-center is-layout-flow wp-block-column-is-layout-flow\">\n<h2 class=\"wp-block-heading has-medium-font-size\" style=\"text-transform:uppercase\"><strong>STRUCTURED EXECUTION INSTEAD OF TRIAL AND ERROR<\/strong><\/h2>\n\n\n\n<p>Reliable IT projects are not the result of chance.<\/p>\n\n\n\n<p>They require clear processes, structured execution and consistent quality on-site.<\/p>\n\n\n\n<p>I work independently, integrate seamlessly into existing project environments and ensure that tasks are completed reliably and without unnecessary coordination effort.<\/p>\n\n\n\n<p>For my clients, this means predictable results, minimal friction and a dependable extension of their team.<\/p>\n\n\n\n<p>For my clients, this means predictable results, minimal friction and a dependable extension of their team.<\/p>\n\n\n\n<p><\/p>\n<\/div>\n\n\n\n<div class=\"wp-block-column is-layout-flow wp-block-column-is-layout-flow\">\n<figure class=\"wp-block-image size-large\"><img loading=\"lazy\" decoding=\"async\" width=\"1024\" height=\"683\" src=\"https:\/\/jmc-solutions.com\/wp-content\/uploads\/2025\/11\/image-1-1024x683.png\" alt=\"\" class=\"wp-image-69\" srcset=\"https:\/\/jmc-solutions.com\/wp-content\/uploads\/2025\/11\/image-1-1024x683.png 1024w, https:\/\/jmc-solutions.com\/wp-content\/uploads\/2025\/11\/image-1-300x200.png 300w, https:\/\/jmc-solutions.com\/wp-content\/uploads\/2025\/11\/image-1.png 1536w\" sizes=\"auto, (max-width: 1024px) 100vw, 1024px\" \/><\/figure>\n<\/div>\n<\/div>\n\n\n\n<div style=\"height:30px\" aria-hidden=\"true\" class=\"wp-block-spacer\"><\/div>\n<\/div>\n<\/div>\n\n\n\n<div class=\"wp-block-cover alignfull has-parallax has-custom-content-position is-position-top-left is-position-center-center\" style=\"border-radius:0px\"><div class=\"wp-block-cover__image-background wp-image-62 size-large has-parallax\" style=\"background-position:50% 50%;background-image:url(https:\/\/jmc-solutions.com\/wp-content\/uploads\/2025\/11\/vecteezy_the-cityscape-is-covered-with-digital-lines-and-connected-dots_53369871-1024x574.jpeg)\"><\/div><span aria-hidden=\"true\" class=\"wp-block-cover__background has-black-background-color has-background-dim-40 has-background-dim\"><\/span><div class=\"wp-block-cover__inner-container is-layout-flow wp-block-cover-is-layout-flow\">\n<div class=\"wp-block-group has-global-padding is-layout-constrained wp-block-group-is-layout-constrained\">\n<h3 class=\"wp-block-heading has-text-align-center has-text-color has-medium-font-size\" style=\"color:#fffffa;text-transform:uppercase\"><br><strong>SUPPORT FOR YOUR IT PROJECTS<\/strong><\/h3>\n\n\n\n<p class=\"has-text-align-center\">Available for project-based and contract engagements.<\/p>\n\n\n\n<p class=\"has-text-align-center has-white-color has-text-color\"><strong>If you require assistance for rollouts, installations or on-site service operations, I look forward to your request.<\/strong><\/p>\n\n\n\n<div class=\"wp-block-buttons is-horizontal is-content-justification-center is-layout-flex wp-container-core-buttons-is-layout-03627597 wp-block-buttons-is-layout-flex\">\n<div class=\"wp-block-button is-style-outline is-style-outline--2\"><a class=\"wp-block-button__link has-white-color has-text-color wp-element-button\" href=\"https:\/\/jmc-solutions.com\/en\/connect\/\" style=\"border-radius:0px\"><strong>&nbsp;<strong>Contact <\/strong><\/strong><\/a><\/div>\n<\/div>\n<\/div>\n<\/div><\/div>\n\n\n\n<p><\/p>","protected":false},"excerpt":{"rendered":"<p>Willkommen bei JMC Solutions JMC Solutions steht f\u00fcr die zuverl\u00e4ssige Umsetzung von IT-Projekten &#8211; vor Ort und remote &#8211; f\u00fcr Systemh\u00e4user sowie mittelst\u00e4ndische und gro\u00dfe Unternehmen in ganz Deutschland. Das Unternehmen unterst\u00fctzt Teams flexibel bei zus\u00e4tzlichem Bedarf und \u00fcbernimmt eigenverantwortlich definierte Projektbereiche. JMC Solutions zeichnet sich durch eine strukturierte, eigenst\u00e4ndige und l\u00f6sungsorientierte Arbeitsweise aus &#8211; &hellip; <\/p>\n<p class=\"link-more\"><a href=\"https:\/\/jmc-solutions.com\/en\/\" class=\"more-link\">Read more<span class=\"screen-reader-text\"> &#8222;Homepage&#8220;<\/span><\/a><\/p>","protected":false},"author":1,"featured_media":0,"parent":0,"menu_order":0,"comment_status":"closed","ping_status":"closed","template":"page-templates\/homepage-builder-bb.php","meta":{"inspiro_hide_title":false,"footnotes":""},"class_list":["post-11","page","type-page","status-publish","hentry"],"_links":{"self":[{"href":"https:\/\/jmc-solutions.com\/en\/wp-json\/wp\/v2\/pages\/11","targetHints":{"allow":["GET"]}}],"collection":[{"href":"https:\/\/jmc-solutions.com\/en\/wp-json\/wp\/v2\/pages"}],"about":[{"href":"https:\/\/jmc-solutions.com\/en\/wp-json\/wp\/v2\/types\/page"}],"author":[{"embeddable":true,"href":"https:\/\/jmc-solutions.com\/en\/wp-json\/wp\/v2\/users\/1"}],"replies":[{"embeddable":true,"href":"https:\/\/jmc-solutions.com\/en\/wp-json\/wp\/v2\/comments?post=11"}],"version-history":[{"count":80,"href":"https:\/\/jmc-solutions.com\/en\/wp-json\/wp\/v2\/pages\/11\/revisions"}],"predecessor-version":[{"id":261,"href":"https:\/\/jmc-solutions.com\/en\/wp-json\/wp\/v2\/pages\/11\/revisions\/261"}],"wp:attachment":[{"href":"https:\/\/jmc-solutions.com\/en\/wp-json\/wp\/v2\/media?parent=11"}],"curies":[{"name":"wp","href":"https:\/\/api.w.org\/{rel}","templated":true}]}}